{"id":5162,"date":"2021-05-04T09:26:13","date_gmt":"2021-05-04T09:26:13","guid":{"rendered":"https:\/\/cirice.hosting-em.store\/cms\/?page_id=5162"},"modified":"2022-06-20T13:50:55","modified_gmt":"2022-06-20T13:50:55","slug":"statuto","status":"publish","type":"page","link":"https:\/\/www.iconografiacittaeuropea.unina.it\/cms\/statuto\/","title":{"rendered":"regolamento"},"content":{"rendered":"<p>&nbsp;<\/p>\n<p style=\"text-align: center;\">Universit\u00e0 degli Studi di Napoli Federico II<br \/>\nCentro interdipartimentale di ricerca sull&#8217;iconografia della citt\u00e0 europea<\/p>\n<h3 style=\"text-align: center;\"><strong>Regolamento interno di organizzazione e funzionamento<\/strong><\/h3>\n<p>&nbsp;<\/p>\n<p><strong>Art. 1 (Oggetto)<\/strong><\/p>\n<ol>\n<li>Il presente Regolamento disciplina l&#8217;organizzazione interna e il funzionamento del Centro interdipartimentale di ricerca sull\u2019iconografia della citt\u00e0 europea (di seguito denominato \u201cCentro\u201d), la cui istituzione e attivazione e riorganizzazione, ai sensi dell&#8217;art. 33, comma 2, dello Statuto, non comporta maggiori oneri a carico del Bilancio universitario.<\/li>\n<li>Partecipano alla costituzione del Centro i seguenti Dipartimenti:<\/li>\n<\/ol>\n<p>Dipartimento di Architettura (DiARC);<br \/>\nDipartimento di Ingegneria Civile, Edile e Ambientale (DiCEA);<br \/>\nDipartimento di Studi Umanistici (Disu).<\/p>\n<p>&nbsp;<\/p>\n<p><strong>Art. 2 (Finalit\u00e0 e attivit\u00e0)<\/strong><\/p>\n<p>Il Centro rappresenta il principale riferimento, in ambito nazionale e internazionale, della tradizione di studi dell\u2019Universit\u00e0 degli Studi di Napoli Federico II in materia di storia urbana e di iconografia storica della citt\u00e0. Le sue principali finalit\u00e0 sono la promozione di studi e ricerche su tali temi mediante l\u2019uso di metodi e tecniche d\u2019indagine bibliografica e archivistica e di moderni metodi di analisi basati su sistemi informatizzati, con specifico riferimento al territorio europeo, segnatamente a quello italiano e meridionale, nonch\u00e9 attraverso la pubblicazione e la divulgazione scientifica dei risultati raggiunti e l\u2019organizzazione di mostre e convegni di studio.<br \/>\nAll\u2019interno di tale istituzione, l\u2019iconografia storica delle citt\u00e0 viene quindi considerata quale prezioso strumento d\u2019indagine sulle trasformazioni urbane e del paesaggio, venendo anche analizzati i diversi metodi grafici usati tra il XV e il XX secolo, fino alla fotografia e alla cinematografia storica. Il Centro intende cos\u00ec arricchire progressivamente il proprio catalogo iconografico informatizzato, attualmente gi\u00e0 consultabile sul sito web www.iconografiacittaeuropea.unina.it.<br \/>\nOltre alle precipue finalit\u00e0 di studio e di ricerca di base, il Centro assume quella di collaborare con Enti pubblici e privati al fine della conservazione, tutela e valorizzazione del patrimonio storico-architettonico, urbano e ambientale.<\/p>\n<p>Per raggiungere tali obiettivi, il Centro svolge le seguenti attivit\u00e0:<br \/>\nIl Centro sviluppa attivit\u00e0 di ricerca sui temi di sua competenza e partecipa alle attivit\u00e0 di ricerca e di consulenza stabilite mediante contratti e convenzioni con istituzioni ed Enti pubblici e privati, secondo quanto disposto dalle normative e dallo Statuto di Ateneo vigente. Inoltre, il Centro concorre, secondo i suoi scopi istituzionali, alle attivit\u00e0 formative dei corsi di I , II e III livello, nonch\u00e9 ad attivit\u00e0 formative \u00a0internazionali.<\/p>\n<p>&nbsp;<\/p>\n<p><strong>Art. 3 (Strutture e soggetti partecipanti alle attivit\u00e0 del Centro)<\/strong><\/p>\n<ol>\n<li>Partecipano alle attivit\u00e0 del Centro i Dipartimenti di cui al punto 2 dell\u2019articolo 1, che hanno manifestato, attraverso apposita delibera consiliare, assunta su proposta di uno o pi\u00f9 professori di ruolo o ricercatori, anche a tempo determinato, afferenti ai Dipartimenti stessi, la volont\u00e0 di promuovere l&#8217;istituzione e l&#8217;attivazione del Centro. Al Centro possono aderire, successivamente alla sua attivazione, professori di ruolo o ricercatori, anche a tempo determinato, appartenenti ai Dipartimenti costituenti il Centro che ne facciano richiesta al Consiglio di Gestione. I Dipartimenti proponenti garantiscono, in caso di necessit\u00e0, il supporto finanziario al Centro in misura proporzionale al loro coinvolgimento nelle attivit\u00e0 e nell&#8217;utilizzo delle strutture.<\/li>\n<li>Possono partecipare alle attivit\u00e0 del Centro i Dipartimenti che, successivamente alla sua attivazione, ne facciano richiesta al direttore del Centro, attraverso apposita delibera consiliare, motivata e dettagliata. La richiesta deve altres\u00ec indicare la disponibilit\u00e0 del Dipartimento richiedente a garantire, in caso di necessit\u00e0, il supporto finanziario al Centro in misura proporzionale al suo coinvolgimento nelle attivit\u00e0 e nell&#8217;utilizzo delle strutture.<\/li>\n<li>Possono altres\u00ec partecipare alle attivit\u00e0 del Centro professori di ruolo o ricercatori, anche a tempo determinato, di altri Dipartimenti, che siano interessati alle attivit\u00e0 del Centro e ne condividano i criteri ispiratori e le finalit\u00e0. La richiesta individuale di partecipazione deve essere motivata e corredata da <em>curriculum<\/em> didattico e scientifico che documenti un&#8217;attivit\u00e0 di ricerca continuativa inerente alle specificit\u00e0 del Centro.<\/li>\n<li>Le richieste di partecipazione di cui al comma 2 sono valutate dal Centro che, in caso di esito positivo espresso da apposita delibera del Consiglio di Gestione, di cui al successivo art. 6, ne propone l&#8217;approvazione al Consiglio di Amministrazione, sentito il Senato Accademico.<\/li>\n<li>Le richieste di partecipazione di cui ai commi 1 e 3 sono approvate dal Consiglio di Gestione del Centro.<\/li>\n<li>La quota di afferenza annua prevista \u00e8 di euro 200,00.<\/li>\n<li>II Centro pu\u00f2 stipulare convenzioni di collaborazione con soggetti pubblici e privati, secondo le modalit\u00e0 previste dalla normativa di Ateneo.<\/li>\n<\/ol>\n<p>&nbsp;<\/p>\n<p><strong>Art. 4 (Gestione amministrativa)<\/strong><\/p>\n<ol>\n<li>Il Centro ha autonomia gestionale, regolamentare, organizzativa e di spesa in conformit\u00e0 al vigente Regolamento di Ateneo per l&#8217;Amministrazione, la Finanza e la Contabilit\u00e0.<\/li>\n<li>L&#8217;organizzazione amministrativa del Centro \u00e8 definita con provvedimento del direttore generale, sentito il direttore del Centro. Il direttore generale individua, tra gli appartenenti almeno alla categoria D, un responsabile dei processi contabili.<\/li>\n<li>Il Centro dispone per il suo funzionamento di risorse finanziarie acquisite autonomamente dall&#8217;esterno ovvero messe a disposizione dalle strutture partecipanti in misura proporzionale al loro coinvolgimento nelle attivit\u00e0 e nell&#8217;utilizzo delle strutture del Centro.<\/li>\n<li>Tutte le altre attivit\u00e0 istituzionali intraprese e sviluppate in nome e per conto del Centro dai suoi membri, che abbiano ottenuto un finanziamento pubblico o privato che non rientri nelle attivit\u00e0 commerciali, devono garantire la partecipazione al Centro di una quota relativa all\u20191,5 % del finanziamento stesso.<\/li>\n<li>Il Centro pu\u00f2 stipulare contratti e convenzioni con soggetti pubblici e privati per attivit\u00e0 in conto terzi.<\/li>\n<\/ol>\n<p>&nbsp;<\/p>\n<p><strong>Art. 5 (Organi)<\/strong><\/p>\n<p>Sono organi del Centro:<\/p>\n<ol>\n<li>Il Consiglio di Gestione;<\/li>\n<li>Il direttore.<\/li>\n<\/ol>\n<p>&nbsp;<\/p>\n<p><strong>Art. 6 (Composizione del Consiglio di Gestione)<\/strong><\/p>\n<p>Il Consiglio di Gestione \u00e8 composto da:<\/p>\n<ol>\n<li>I professori di ruolo e ricercatori, anche a tempo determinato, che hanno proposto ai Dipartimenti di rispettiva afferenza l&#8217;istituzione e l&#8217;attivazione del Centro ovvero che, afferendo ai detti Dipartimenti, hanno presentato, successivamente alla sua attivazione, richiesta di partecipazione al Centro, che sia stata accolta.<\/li>\n<li>I professori di ruolo e ricercatori, anche a tempo determinato, anche di altri Dipartimenti, la cui richiesta di partecipazione al Centro, presentata successivamente all&#8217;attivazione, sia stata accolta.<\/li>\n<li>I rappresentanti del personale tecnico-amministrativo, ove assegnato al Centro, eletti tra il personale assegnato, pari al 10 % del numero totale della componente dei professori di ruolo e ricercatori e, comunque, in numero non inferiore a uno.<\/li>\n<li>Le funzioni di segretario verbalizzante sono svolte dal responsabile dei processi contabili del Centro; in caso di sua assenza, tali funzioni sono svolte dal presidente stesso o da un membro del Consiglio,\u00a0 individuato su proposta del direttore in apertura dei lavori di ciascuna adunanza.<\/li>\n<li>Possono partecipare ai lavori del Consiglio, senza diritto di voto, su specifiche tematiche, esperti individuati dal Consiglio stesso o studiosi provenienti da altri Atenei .<\/li>\n<\/ol>\n<p>&nbsp;<\/p>\n<p><strong>Art. 7 (Compiti del Consiglio di Gestione)<\/strong><\/p>\n<p>Sono compiti del Consiglio di Gestione:<\/p>\n<ol>\n<li>definire il piano triennale di sviluppo atto a garantire la sostenibilit\u00e0 di tutte le attivit\u00e0 del Centro;<\/li>\n<li>determinare i criteri generali di utilizzo delle risorse finanziarie, strumentali e umane disponibili per lo svolgimento delle attivit\u00e0 istituzionali del Centro;<\/li>\n<li>approvare il piano annuale delle ricerche proposto dal direttore;<\/li>\n<li>approvare la proposta di budget economico (annuale e triennale) e la proposta di budget degli investimenti (annuale e triennale), nonch\u00e9 il consuntivo di budget;<\/li>\n<li>al termine di ogni triennio, esprimere parere sulla relazione documentata relativa ai risultati conseguiti da trasmettere al Nucleo di Valutazione;<\/li>\n<li>avanzare proposte sullo sviluppo delle attivit\u00e0 di ricerca;<\/li>\n<li>autorizzare la stipula di contratti , convenzioni e di ogni altro atto negoziale, nei limiti e con le modalit\u00e0 previste dal vigente Regolamento di Amministrazione, Finanza e Contabilit\u00e0;<\/li>\n<li>deliberare in merito alla stipula di contratti di collaborazione con personale esterno, alla luce della normativa vigente e previa verifica della necessaria copertura finanziaria degli stessi;<\/li>\n<li>deliberare in merito a successive richieste di partecipazione alle attivit\u00e0 del Centro da parte di altri Dipartimenti e a quelle individuali di singoli richiedenti afferenti a Dipartimenti non partecipanti al Centro, di cui ai commi 1, 2 e 3 dell&#8217;art. 3 del presente Regolamento;<\/li>\n<li>autorizzare le spese previste nel budget economico, degli investimenti e di cassa nei limiti e con le modalit\u00e0 previste dal vigente Regolamento per l\u2019Amministrazione, Finanza e Contabilit\u00e0;<\/li>\n<li>collaborare con gli organi di governo dell&#8217;Universit\u00e0 e con gli organi di programmazione nazionale, regionali e locali;<\/li>\n<li>deliberare su ogni altra questione a richiesta del direttore;<\/li>\n<li>esercitare tutte le attribuzioni che gli sono demandate dalla Legge e dallo Statuto e dai Regolamenti di Ateneo;<\/li>\n<li>proporre al Consiglio di Amministrazione e al Senato Accademico eventuali modifiche al Regolamento del Centro.<\/li>\n<\/ol>\n<p>&nbsp;<\/p>\n<p><strong>Art. 8 (Riunioni del Consiglio)<\/strong><\/p>\n<ol>\n<li>Il Consiglio \u00e8 presieduto dal direttore o, in caso di sua assenza o impedimento, dal vice-direttore, di cui al successivo art. 9.<\/li>\n<li>Il Consiglio si riunisce in via ordinaria, anche in modalit\u00e0 telematica, su convocazione del direttore di norma ogni 2 mesi e, in via straordinaria, su richiesta motivata del direttore o di un terzo dei suoi componenti.<\/li>\n<li>La convocazione del Consiglio deve essere notificata via e-mail o tramite pec, con riscontro di avvenuta ricezione, con l&#8217;indicazione dell&#8217;ordine del giorno e deve essere fatta pervenire almeno 5 giorni prima della seduta, salvo casi di motivata urgenza in cui tale termine \u00e8 ridotto a due giorni.<\/li>\n<li>Di ogni riunione deve essere redatto verbale della seduta sottoscritto dal presidente e dal segretario.<\/li>\n<li>Le riunioni del Consiglio sono valide quando vi partecipi la maggioranza assoluta dei suoi componenti, diminuita degli assenti giustificati. Le decisioni sono adottate a maggioranza dei votanti, in caso di parit\u00e0 prevale il voto del presidente della seduta.<\/li>\n<\/ol>\n<p>&nbsp;<\/p>\n<p><strong>Art. 9 (Il direttore)<\/strong><\/p>\n<ol>\n<li>Il direttore \u00e8 eletto dal Consiglio di Gestione al proprio interno tra i professori di ruolo a tempo pieno. Il Consiglio di Gestione per l&#8217;elezione del direttore viene convocato dal decano dei professori ordinari del Centro. La votazione si svolge con voto segreto e ciascuna votazione \u00e8 valida se vi prende parte la met\u00e0 pi\u00f9 uno degli aventi diritto al voto. Nella prima votazione l&#8217;elezione avviene a maggioranza assoluta degli aventi diritto al voto; nella seconda e nella terza votazione, si procede a maggioranza assoluta dei votanti. Qualora nella seconda e nella terza votazione nessun candidato abbia ottenuto tale maggioranza, si procede a votazione di ballottaggio tra i due candidati pi\u00f9 votati nella terza votazione. In caso di parit\u00e0 di voti riportati, prevale la maggiore anzianit\u00e0 nel ruolo e, in caso di parit\u00e0 ulteriore, la maggiore anzianit\u00e0 anagrafica. Il direttore \u00e8 nominato dal rettore. Dura in carica 3 anni ed \u00e8 rieleggibile soltanto una volta.<\/li>\n<li>Il direttore nomina, tra i professori di ruolo, membri del Consiglio di Gestione che abbiano optato per il regime a tempo pieno, un vice-direttore per essere coadiuvato o sostituito in caso di assenza o impedimento. Il vice-direttore decade alla cessazione dalla carica del direttore.<\/li>\n<li>Il direttore presiede il Consiglio e cura l&#8217;esecuzione dei rispettivi deliberati. In caso di necessit\u00e0 e di urgenza, adotta i provvedimenti opportuni e li sottopone per la ratifica al Consiglio nella prima adunanza successiva. \u00c8 responsabile della gestione del Centro e della legittimit\u00e0 degli atti, garantisce il conseguimento degli obiettivi assegnati al Centro stesso, nonch\u00e9 la corretta gestione e valorizzazione delle risorse finanziarie, umane e strumentali a esso affidate.<\/li>\n<li>Il Direttore, tenuto conto dei criteri generali dettati dal Consiglio di Gestione, esercita poteri di indirizzo e vigilanza sulle attivit\u00e0 del Centro e adotta gli atti di gestione nei limiti e con le modalit\u00e0 previste dalla normativa vigente, con particolare riguardo a quanto previsto dal vigente Regolamento di Ateneo per l\u2019Amministrazione, la Finanza e la Contabilit\u00e0 .<\/li>\n<\/ol>\n<p>In particolare il direttore :<\/p>\n<ol>\n<li>propone al Consiglio di Gestione il piano triennale di sviluppo;<\/li>\n<li>predispone, ogni tre anni, una relazione documentata sui risultati conseguiti con riferimento allo stato della ricerca che, corredata dal parere del Consiglio, viene trasmessa al Nucleo di Valutazione, per quanto di sua competenza;<\/li>\n<li>predispone la proposta di budget economico (annuale e triennale) e la proposta di budget degli investimenti (annuale e triennale) , nonch\u00e9 il consuntivo di budget;<\/li>\n<li>gestisce e dispone tutti gli atti amministrativi , negoziali e di spesa del Centro, nei limiti e con le modalit\u00e0 previste dal Regolamento di Ateneo per l\u2019Amministrazione, la Finanza e la Contabilit\u00e0;<\/li>\n<li>provvede a tutti gli altri adempimenti relativi alla gestione del Centro che non rientrino nella competenza del Consiglio di Gestione;<\/li>\n<li>promuove le attivit\u00e0 del Centro;<\/li>\n<li>vigila sulla osservanza delle leggi, dello Statuto e dei regolamenti;<\/li>\n<li>tiene i rapporti con gli organi accademici e con l&#8217;Amministrazione universitaria;<\/li>\n<li>esercita tutte le altre attribuzioni che gli sono demandate dalle leggi, dallo Statuto e dai regolamenti, in analogia a quanto previsto per il direttore di Dipartimento.<\/li>\n<\/ol>\n<p><strong>\u00a0<\/strong><\/p>\n<p><strong>Art. 10 (Sede, spazi e attrezzature)<\/strong><\/p>\n<p><strong>\u00a0<\/strong>Il Centro ha sede in Napoli, via Monteoliveto, n. 3, c.a.p. 80134, Palazzo Gravina, 2\u00b0 piano<\/p>\n<ol>\n<li>I Dipartimenti interessati stabiliscono le modalit\u00e0 di collaborazione con il Centro al quale partecipano.<\/li>\n<li>Il Centro dispone di proprie attrezzature e di altri beni mobili iscritti in apposito inventario ed, eventualmente, di attrezzature e beni mobili messi a disposizione dai Dipartimenti partecipanti per lo svolgimento di attivit\u00e0 di interesse comune;<\/li>\n<li>Il Centro pu\u00f2 accogliere e utilizzare attrezzature di propriet\u00e0 di soggetti pubblici o privati mediante stipula di specifiche convenzioni, in osservanza della normativa vigente.<\/li>\n<\/ol>\n","protected":false},"excerpt":{"rendered":"<p>&nbsp; Universit\u00e0 degli Studi di Napoli Federico II Centro interdipartimentale di ricerca sull&#8217;iconografia della citt\u00e0 europea Regolamento interno di organizzazione e funzionamento &nbsp; Art. 1 (Oggetto) Il presente Regolamento disciplina l&#8217;organizzazione interna e il funzionamento del Centro interdipartimentale di ricerca sull\u2019iconografia della citt\u00e0 europea (di seguito denominato \u201cCentro\u201d), la cui istituzione e attivazione e riorganizzazione, [&hellip;]<\/p>\n","protected":false},"author":1,"featured_media":0,"parent":0,"menu_order":0,"comment_status":"closed","ping_status":"closed","template":"","meta":[],"_links":{"self":[{"href":"https:\/\/www.iconografiacittaeuropea.unina.it\/cms\/wp-json\/wp\/v2\/pages\/5162"}],"collection":[{"href":"https:\/\/www.iconografiacittaeuropea.unina.it\/cms\/wp-json\/wp\/v2\/pages"}],"about":[{"href":"https:\/\/www.iconografiacittaeuropea.unina.it\/cms\/wp-json\/wp\/v2\/types\/page"}],"author":[{"embeddable":true,"href":"https:\/\/www.iconografiacittaeuropea.unina.it\/cms\/wp-json\/wp\/v2\/users\/1"}],"replies":[{"embeddable":true,"href":"https:\/\/www.iconografiacittaeuropea.unina.it\/cms\/wp-json\/wp\/v2\/comments?post=5162"}],"version-history":[{"count":11,"href":"https:\/\/www.iconografiacittaeuropea.unina.it\/cms\/wp-json\/wp\/v2\/pages\/5162\/revisions"}],"predecessor-version":[{"id":6111,"href":"https:\/\/www.iconografiacittaeuropea.unina.it\/cms\/wp-json\/wp\/v2\/pages\/5162\/revisions\/6111"}],"wp:attachment":[{"href":"https:\/\/www.iconografiacittaeuropea.unina.it\/cms\/wp-json\/wp\/v2\/media?parent=5162"}],"curies":[{"name":"wp","href":"https:\/\/api.w.org\/{rel}","templated":true}]}}