{"id":5446,"date":"2021-05-19T09:38:45","date_gmt":"2021-05-19T09:38:45","guid":{"rendered":"https:\/\/cirice.hosting-em.store\/cms\/?page_id=5446"},"modified":"2024-12-04T09:34:24","modified_gmt":"2024-12-04T09:34:24","slug":"mission","status":"publish","type":"page","link":"https:\/\/www.iconografiacittaeuropea.unina.it\/cms\/mission\/","title":{"rendered":"mission"},"content":{"rendered":"<p><span style=\"color: #ff6600;\"><strong>CIRICE<\/strong><\/span> ricerca e studia l&#8217;iconografia urbana e la cartografia storica attraverso l&#8217;analisi critica e comparata delle fonti, con particolare attenzione al vedutismo, alle mappe e ai rilievi grafici, alle memorie di viaggio, alla fotografia e alla cinematografia artistica e documentaria. Dopo gli iniziali apporti di Cesare de Seta, lo studio dell\u2019iconografia urbana ha conosciuto negli ultimi cinquant\u2019anni uno sviluppo e un rilievo sempre crescenti in molti ambiti, ma soprattutto ha costituito uno degli approcci pi\u00f9 innovativi e originali nella ricerca scientifica. <span style=\"color: #ff6600;\"><strong>CIRICE<\/strong><\/span> \u00e8 un polo culturale di riferimento per l&#8217;iconografia urbana europea: ha integrato le sue ricerche con nuove prospettive d&#8217;indagine ed \u00e8 pronto a inserirsi nelle nuove sfide della <em>visual history<\/em>, della <em>public history<\/em> e a interagire con la <em>digital art and humanities.<\/em><\/p>\n<div>\n<div>\n<div>\n<div>L\u2019<strong>iconografia urbana<\/strong> ha un ruolo primario nella veicolazione dell&#8217;identit\u00e0 della citt\u00e0 in et\u00e0 moderna e contemporanea: documenta la morfologia del sito, l&#8217;architettura e la struttura urbana. Per interpretarne la raffigurazione \u00e8 necessaria una conoscenza dei meccanismi e della cultura che ha modificato la conformazione urbana e territoriale nei secoli. La ricerca e la catalogazione dell&#8217;iconografia urbana e della cartografia storica sono propedeutiche allo studio della costruzione dell&#8217;immagine della citt\u00e0 europea.<\/div>\n<\/div>\n<\/div>\n<\/div>\n<h5><span style=\"color: #ff6600;\"><strong><span style=\"font-size: 16px;\">Centro Studi sull&#8217;Iconografia della Citt\u00e0 Europea (1996, fondatore Cesare de Seta)<\/span><\/strong><\/span><\/h5>\n<h5><span style=\"color: #ff6600;\"><strong><span style=\"font-size: 16px;\">Centro Interdipartimentale di Ricerca sull&#8217;Iconografia della Citt\u00e0 Europea (CIRICE) <\/span><\/strong><\/span><span style=\"color: #ff6600;\"><strong><span style=\"font-size: 16px;\">(dal 2000 ad oggi)<\/span><\/strong><\/span><\/h5>\n<h5><span style=\"color: #ff6600;\"><strong><span style=\"font-size: 16px;\">Direttori<\/span><\/strong><\/span><\/h5>\n<h5>Cesare de Seta&#8230;&#8230;&#8230;&#8230;&#8230;&#8230;&#8230;..2000-2003<br \/>\nLeonardo Di Mauro &#8230;&#8230;&#8230;&#8230;..2003-2005<br \/>\nCesare de Seta &#8230;&#8230;&#8230;&#8230;&#8230;&#8230;&#8230;.2005-2011<br \/>\nAlfredo Buccaro &#8230;&#8230;&#8230;&#8230;&#8230;&#8230;.2011-2020<br \/>\nAnnunziata Berrino &#8230;&#8230;&#8230;&#8230;.2021-2023<br \/>\nAlfredo Buccaro &#8230;&#8230;&#8230;&#8230;&#8230;&#8230;2023-in corso<\/h5>\n","protected":false},"excerpt":{"rendered":"<p>CIRICE ricerca e studia l&#8217;iconografia urbana e la cartografia storica attraverso l&#8217;analisi critica e comparata delle fonti, con particolare attenzione al vedutismo, alle mappe e ai rilievi grafici, alle memorie di viaggio, alla fotografia e alla cinematografia artistica e documentaria. Dopo gli iniziali apporti di Cesare de Seta, lo studio dell\u2019iconografia urbana ha conosciuto negli [&hellip;]<\/p>\n","protected":false},"author":1,"featured_media":0,"parent":0,"menu_order":0,"comment_status":"closed","ping_status":"closed","template":"","meta":[],"_links":{"self":[{"href":"https:\/\/www.iconografiacittaeuropea.unina.it\/cms\/wp-json\/wp\/v2\/pages\/5446"}],"collection":[{"href":"https:\/\/www.iconografiacittaeuropea.unina.it\/cms\/wp-json\/wp\/v2\/pages"}],"about":[{"href":"https:\/\/www.iconografiacittaeuropea.unina.it\/cms\/wp-json\/wp\/v2\/types\/page"}],"author":[{"embeddable":true,"href":"https:\/\/www.iconografiacittaeuropea.unina.it\/cms\/wp-json\/wp\/v2\/users\/1"}],"replies":[{"embeddable":true,"href":"https:\/\/www.iconografiacittaeuropea.unina.it\/cms\/wp-json\/wp\/v2\/comments?post=5446"}],"version-history":[{"count":29,"href":"https:\/\/www.iconografiacittaeuropea.unina.it\/cms\/wp-json\/wp\/v2\/pages\/5446\/revisions"}],"predecessor-version":[{"id":6861,"href":"https:\/\/www.iconografiacittaeuropea.unina.it\/cms\/wp-json\/wp\/v2\/pages\/5446\/revisions\/6861"}],"wp:attachment":[{"href":"https:\/\/www.iconografiacittaeuropea.unina.it\/cms\/wp-json\/wp\/v2\/media?parent=5446"}],"curies":[{"name":"wp","href":"https:\/\/api.w.org\/{rel}","templated":true}]}}