{"id":6381,"date":"2023-06-07T09:33:11","date_gmt":"2023-06-07T09:33:11","guid":{"rendered":"https:\/\/www.iconografiacittaeuropea.unina.it\/cms\/?page_id=6381"},"modified":"2023-06-08T10:45:24","modified_gmt":"2023-06-08T10:45:24","slug":"preprint","status":"publish","type":"page","link":"https:\/\/www.iconografiacittaeuropea.unina.it\/cms\/preprint\/","title":{"rendered":"preprint"},"content":{"rendered":"<h3><strong><em>CITT\u00c0 E GUERRA<\/em><\/strong><\/h3>\n<h3><em>Difese, distruzioni, permanenze delle memorie e dell\u2019immagine urbana<\/em><\/h3>\n<h3><a href=\"https:\/\/www.iconografiacittaeuropea.unina.it\/cms\/wp-content\/uploads\/2023\/06\/FRONT_COLOPHON_TOMO-I_SITO_5GIUGNO.pdf\">Tomo I &#8211; Fonti e testimonianze<\/a><\/h3>\n<p>&nbsp;<\/p>\n<p><strong>MACROSESSIONE A<\/strong><br \/>\nBianca Ferrara, Federico Rausa<\/p>\n<p><strong><a href=\"https:\/\/www.iconografiacittaeuropea.unina.it\/cms\/wp-content\/uploads\/2023\/06\/A_A1_preprint_SITO.pdf\">Archeologia e guerra: contesti, cultura materiale, iconografia, testimonianze letterarie <\/a><\/strong><\/p>\n<p><em><strong><a href=\"https:\/\/www.iconografiacittaeuropea.unina.it\/cms\/wp-content\/uploads\/2023\/06\/A_A1_preprint_SITO.pdf\">Archaeology and war: contexts, material culture, iconography, literary evidence<\/a><\/strong><\/em><\/p>\n<p><strong><a href=\"https:\/\/www.iconografiacittaeuropea.unina.it\/cms\/wp-content\/uploads\/2023\/06\/A_A1_preprint_SITO.pdf\">A.1: L\u2019archeologia della guerra nel mondo antico: analisi, ricostruzioni, interpretazioni <\/a><\/strong><\/p>\n<p><em><strong><a href=\"https:\/\/www.iconografiacittaeuropea.unina.it\/cms\/wp-content\/uploads\/2023\/06\/A_A1_preprint_SITO.pdf\">The archeology of war in the ancient world: analysis, reconstructions, interpretations<\/a><\/strong><\/em><\/p>\n<p>Luigi Cicala, Bianca Ferrara<\/p>\n<p><strong><a href=\"https:\/\/www.iconografiacittaeuropea.unina.it\/cms\/wp-content\/uploads\/2023\/06\/A2_preprint_SITO.pdf\">A.2: Citt\u00e0 e guerra nelle fonti letterarie e iconografiche: temi e contesti <\/a><\/strong><\/p>\n<p><em><strong><a href=\"https:\/\/www.iconografiacittaeuropea.unina.it\/cms\/wp-content\/uploads\/2023\/06\/A2_preprint_SITO.pdf\">Cities and war in literary and iconographic sources: themes and contexts<\/a><\/strong><\/em><\/p>\n<p>Giancarlo Abbamonte, Federico Rausa<\/p>\n<p><strong>\u00a0<\/strong><\/p>\n<p><strong>MACROSESSIONE B<\/strong><br \/>\nAnnunziata Berrino, Giovanna Cigliano, Piero Ventura<\/p>\n<p><strong><a href=\"https:\/\/www.iconografiacittaeuropea.unina.it\/cms\/wp-content\/uploads\/2023\/06\/B_B1_preprint_SITO.pdf\">Guerra e pace nelle citt\u00e0 europee e mediterranee <\/a><\/strong><\/p>\n<p><em><strong><a href=\"https:\/\/www.iconografiacittaeuropea.unina.it\/cms\/wp-content\/uploads\/2023\/06\/B_B1_preprint_SITO.pdf\">War and peace in European and Mediterranean cities<\/a><\/strong><\/em><\/p>\n<p><strong><a href=\"https:\/\/www.iconografiacittaeuropea.unina.it\/cms\/wp-content\/uploads\/2023\/06\/B_B1_preprint_SITO.pdf\">B.1: La rivoluzione militare nelle citt\u00e0 europee: trasformazioni e rappresentazioni tra XV e XVIII secolo <\/a><\/strong><\/p>\n<p><em><strong><a href=\"https:\/\/www.iconografiacittaeuropea.unina.it\/cms\/wp-content\/uploads\/2023\/06\/B_B1_preprint_SITO.pdf\">The Military Revolution in European cities: transformations and representations between the 15th and 18th centuries<\/a><\/strong><\/em><\/p>\n<p>Diego Carnevale, Francesco Storti, Piero Ventura<\/p>\n<p><strong><a href=\"https:\/\/www.iconografiacittaeuropea.unina.it\/cms\/wp-content\/uploads\/2023\/06\/B2_preprint_SITO.pdf\">B.2: Guerra e contesto urbano in et\u00e0 contemporanea: realt\u00e0 e rappresentazioni <\/a><\/strong><\/p>\n<p><em><strong><a href=\"https:\/\/www.iconografiacittaeuropea.unina.it\/cms\/wp-content\/uploads\/2023\/06\/B2_preprint_SITO.pdf\">War in Urban Contexts during the Contemporary Age: Reality and Representations<\/a><\/strong><\/em><\/p>\n<p>Giovanna Cigliano<\/p>\n<p><strong><a href=\"https:\/\/www.iconografiacittaeuropea.unina.it\/cms\/wp-content\/uploads\/2023\/06\/B3_preprint_SITO.pdf\">B.3: Citt\u00e0 e turismo in guerra e pace <\/a><\/strong><\/p>\n<p><em><strong><a href=\"https:\/\/www.iconografiacittaeuropea.unina.it\/cms\/wp-content\/uploads\/2023\/06\/B3_preprint_SITO.pdf\">Cities and tourism in war and peace<\/a><\/strong><\/em><\/p>\n<p>Annunziata Berrino<\/p>\n<p><strong><a href=\"https:\/\/www.iconografiacittaeuropea.unina.it\/cms\/wp-content\/uploads\/2023\/06\/B4_preprint_SITO.pdf\">B.4: Paesaggi reali e mentali di Varsavia nel secondo conflitto mondiale <\/a><\/strong><\/p>\n<p><em><strong><a href=\"https:\/\/www.iconografiacittaeuropea.unina.it\/cms\/wp-content\/uploads\/2023\/06\/B4_preprint_SITO.pdf\">Physical and Mental Landscapes of Warsaw in World War II<\/a><\/strong><\/em><\/p>\n<p>Anna Tylusinska, Piotr Podemski<\/p>\n<p>&nbsp;<\/p>\n<p><strong>MACROSESSIONE C<\/strong><br \/>\nAlfredo Buccaro, Alessandro Castagnaro, Andrea Maglio, Fabio Mangone<\/p>\n<p><strong><a href=\"https:\/\/www.iconografiacittaeuropea.unina.it\/cms\/wp-content\/uploads\/2023\/06\/C_C1_preprint_SITO.pdf\">Identit\u00e0, architettura e immagine storica delle citt\u00e0 in guerra <\/a><\/strong><\/p>\n<p><em><strong><a href=\"https:\/\/www.iconografiacittaeuropea.unina.it\/cms\/wp-content\/uploads\/2023\/06\/C_C1_preprint_SITO.pdf\">Identity, architecture and historical image of cities at war<\/a><\/strong><\/em><\/p>\n<p><strong><a href=\"https:\/\/www.iconografiacittaeuropea.unina.it\/cms\/wp-content\/uploads\/2023\/06\/C_C1_preprint_SITO.pdf\">C.1: Citt\u00e0 e mura nei domini spagnoli e veneziani del Mediterraneo in et\u00e0 moderna <\/a><\/strong><\/p>\n<p><em><strong><a href=\"https:\/\/www.iconografiacittaeuropea.unina.it\/cms\/wp-content\/uploads\/2023\/06\/C_C1_preprint_SITO.pdf\">Cities and walls of Spanish and Venetian dominions in the Mediterranean during the modern period<\/a><\/strong><\/em><\/p>\n<p>Alfredo Buccaro, Emma Maglio, Alessandra Veropalumbo<\/p>\n<p><strong><a href=\"https:\/\/www.iconografiacittaeuropea.unina.it\/cms\/wp-content\/uploads\/2023\/06\/C2_preprint_SITO.pdf\">C.2: Oltre li turchi. Memorie delle difese nelle citt\u00e0 e nel paesaggio tra Sette e Ottocento <\/a><\/strong><\/p>\n<p><em><strong><a href=\"https:\/\/www.iconografiacittaeuropea.unina.it\/cms\/wp-content\/uploads\/2023\/06\/C2_preprint_SITO.pdf\">Beyond the Turks. Memories of defences in cities and in the urban landscape between the 18th and 19th centuries<\/a><\/strong><\/em><\/p>\n<p>Francesca Capano, Salvatore Di Liello<\/p>\n<p><strong><a href=\"https:\/\/www.iconografiacittaeuropea.unina.it\/cms\/wp-content\/uploads\/2023\/06\/C3_preprint_SITO.pdf\">C.3: \u201cTeatri di guerra\u201d: La mise-en-sc\u00e9ne cinematografica dello spazio urbano come fronte di guerra <\/a><\/strong><\/p>\n<p><em><strong><a href=\"https:\/\/www.iconografiacittaeuropea.unina.it\/cms\/wp-content\/uploads\/2023\/06\/C3_preprint_SITO.pdf\">\u201cTheatres of War\u201d: The cinematic mise-en-sc\u00e9ne of urban space as a war front<\/a><\/strong><\/em><\/p>\n<p>Tanja Michalsky, Carlo Ugolotti<\/p>\n<p><strong><a href=\"https:\/\/www.iconografiacittaeuropea.unina.it\/cms\/wp-content\/uploads\/2023\/06\/C4-preprint_SITO-1.pdf\">C.4: Cicatrici urbane. La memoria della guerra e il patrimonio costruito <\/a><\/strong><\/p>\n<p><em><strong><a href=\"https:\/\/www.iconografiacittaeuropea.unina.it\/cms\/wp-content\/uploads\/2023\/06\/C4-preprint_SITO-1.pdf\">Urban scars. The memory of the war and of the built heritage<\/a><\/strong><\/em><\/p>\n<p>Juan Manuel Monterroso Montero, Bego\u00f1a Fern\u00e1ndez Rodr\u00edguez, Carla Fern\u00e1ndez Mart\u00ednez<\/p>\n<p><strong><a href=\"https:\/\/www.iconografiacittaeuropea.unina.it\/cms\/wp-content\/uploads\/2023\/06\/C5_preprint_SITO.pdf\">C.5: Le citt\u00e0 europee e la guerra. Piani e trasformazioni in et\u00e0 contemporanea <\/a><\/strong><\/p>\n<p><em><strong><a href=\"https:\/\/www.iconografiacittaeuropea.unina.it\/cms\/wp-content\/uploads\/2023\/06\/C5_preprint_SITO.pdf\">European cities and war. Plans and transformations in the contemporary era<\/a><\/strong><\/em><\/p>\n<p>Gemma Belli, Andrea Maglio<\/p>\n<p><strong><a href=\"https:\/\/www.iconografiacittaeuropea.unina.it\/cms\/wp-content\/uploads\/2023\/06\/C6-preprint-3.pdf\">C.6: Luoghi di sepoltura, della memoria e paesaggi segnati dalla guerra. Storie e possibili futuri <\/a><\/strong><\/p>\n<p><em><strong><a href=\"https:\/\/www.iconografiacittaeuropea.unina.it\/cms\/wp-content\/uploads\/2023\/06\/C6-preprint-3.pdf\">Stories and possible futures of battle-scarred landscapes, burial places and places of memory<\/a><\/strong><\/em><\/p>\n<p>Gemma Belli, Angela D\u2019Agostino, Giovangiuseppe Vannelli<\/p>\n<p><strong><a href=\"https:\/\/www.iconografiacittaeuropea.unina.it\/cms\/wp-content\/uploads\/2023\/06\/C7_preprint_SITO.pdf\">C.7: Complessi scultorei medievali all\u2019indomani della Seconda Guerra Mondiale tra distruzioni, dispersioni e restituzioni. L\u2019impatto sulle metodologie e sugli strumenti di ricerca <\/a><\/strong><\/p>\n<p><em><strong><a href=\"https:\/\/www.iconografiacittaeuropea.unina.it\/cms\/wp-content\/uploads\/2023\/06\/C7_preprint_SITO.pdf\">Medieval sculpture in the aftermath of the World War II: destruction, dispersion and restitution. The impact on research methodologies and tools<\/a><\/strong><\/em><\/p>\n<p>Paola Vitolo, Antonella Dentamaro<\/p>\n<p><strong><a href=\"https:\/\/www.iconografiacittaeuropea.unina.it\/cms\/wp-content\/uploads\/2023\/06\/C8_preprint_SITO.pdf\">C.8: Residenze reali in guerra. Conoscenza, restauro e valorizzazione di architetture e paesaggi storici <\/a><\/strong><\/p>\n<p><em><strong><a href=\"https:\/\/www.iconografiacittaeuropea.unina.it\/cms\/wp-content\/uploads\/2023\/06\/C8_preprint_SITO.pdf\">Royal residences at war. Knowledge, conservation and enhancement of historical architectures and landscapes<\/a><\/strong><\/em><\/p>\n<p>Viviana Saitto, Mariarosaria Villani, Massimo Visone<\/p>\n<p><strong><a href=\"https:\/\/www.iconografiacittaeuropea.unina.it\/cms\/wp-content\/uploads\/2023\/06\/C9_preprint_SITO.pdf\">C.9: \u2018My City of Ruins\u2019. Raccontare, rappresentare, tornare a vivere <\/a><\/strong><\/p>\n<p><em><strong><a href=\"https:\/\/www.iconografiacittaeuropea.unina.it\/cms\/wp-content\/uploads\/2023\/06\/C9_preprint_SITO.pdf\">\u201cMy City of Ruins\u201d. Telling, representing, come back to life<\/a><\/strong><\/em><\/p>\n<p>Giovanni Menna, Gianluigi de Martino<\/p>\n<p><strong><a href=\"https:\/\/www.iconografiacittaeuropea.unina.it\/cms\/wp-content\/uploads\/2023\/06\/C10_preprint_OK_watermark-1.pdf\">C.10: Fabbriche e lavoro. La rappresentazione dello spazio urbano-industriale al tempo della guerra e al tempo della pace <\/a><\/strong><\/p>\n<p><em><strong><a href=\"https:\/\/www.iconografiacittaeuropea.unina.it\/cms\/wp-content\/uploads\/2023\/06\/C10_preprint_OK_watermark-1.pdf\">Factories and work. The representation of the urban-industrial space at the time of war and at the time of peace<\/a><\/strong><\/em><\/p>\n<p>Francesca Castan\u00f2, Maddalena Chimisso, Roberto Parisi<\/p>\n<p><strong><a href=\"https:\/\/www.iconografiacittaeuropea.unina.it\/cms\/wp-content\/uploads\/2023\/06\/C11_preprint_SITO-1.pdf\">C.11: La ricostruzione postbellica in Italia (1945-1965) <\/a><\/strong><\/p>\n<p><em><strong><a href=\"https:\/\/www.iconografiacittaeuropea.unina.it\/cms\/wp-content\/uploads\/2023\/06\/C11_preprint_SITO-1.pdf\">The reconstruction in Italy after the World War II (1945-1965)<\/a><\/strong><\/em><\/p>\n<p>Alessandro Castagnaro, Luca Guido<\/p>\n<p><strong>\u00a0<\/strong><\/p>\n<p><strong>\u00a0<\/strong><\/p>\n<h3><a href=\"https:\/\/www.iconografiacittaeuropea.unina.it\/cms\/wp-content\/uploads\/2023\/06\/FRONT_COLOPHON_TOMO-II_SITO_5GIUGNO.pdf\">Tomo II &#8211; Tracce e patrimoni<\/a><\/h3>\n<p><strong>\u00a0<\/strong><\/p>\n<p><strong>MACROSESSIONE D <\/strong><\/p>\n<p>Antonella di Luggo, Ornella Zerlenga<\/p>\n<p><strong>Disegni di citt\u00e0 in guerra: realt\u00e0 costituite, immagini, memorie <\/strong><\/p>\n<p><strong><em>Drawings of cities at war: constituted realities, images, memories <\/em><\/strong><\/p>\n<p><strong><a href=\"https:\/\/www.iconografiacittaeuropea.unina.it\/cms\/wp-content\/uploads\/2023\/06\/D_D1_preprint-sito.pdf\">D.1: Fortificazioni e difese, fra casi studio e teorie <\/a><\/strong><\/p>\n<p><strong><em><a href=\"https:\/\/www.iconografiacittaeuropea.unina.it\/cms\/wp-content\/uploads\/2023\/06\/D_D1_preprint-sito.pdf\">Fortifications and defences, between case studies and theories <\/a><\/em><\/strong><\/p>\n<p>Antonella di Luggo, Ornella Zerlenga<\/p>\n<p><strong><a href=\"https:\/\/www.iconografiacittaeuropea.unina.it\/cms\/wp-content\/uploads\/2023\/06\/D2_preprint_sito.pdf\">D.2: La rappresentazione della guerra, fra simbolismo e cultura visuale <\/a><\/strong><\/p>\n<p><em><strong><a href=\"https:\/\/www.iconografiacittaeuropea.unina.it\/cms\/wp-content\/uploads\/2023\/06\/D2_preprint_sito.pdf\">The representation of war, between symbolism and visual culture <\/a><\/strong><\/em><\/p>\n<p>Daniela Palomba, Maria Ines Pascariello<\/p>\n<p><strong><a href=\"https:\/\/www.iconografiacittaeuropea.unina.it\/cms\/wp-content\/uploads\/2023\/06\/D3_preprint_sito.pdf\">D.3: Tracce della memoria cittadina, fra contemporaneo e tecnologie digitali <\/a><\/strong><\/p>\n<p><em><strong><a href=\"https:\/\/www.iconografiacittaeuropea.unina.it\/cms\/wp-content\/uploads\/2023\/06\/D3_preprint_sito.pdf\">Traces of city memory, between contemporary and digital technologies <\/a><\/strong><\/em><\/p>\n<p>Vincenzo Cirillo, Simona Scandurra<\/p>\n<p>&nbsp;<\/p>\n<p><strong>MACROSESSIONE E<\/strong><\/p>\n<p>Renata Picone, Valentina Russo<\/p>\n<p><strong>Restauro e Guerra<\/strong><\/p>\n<p><strong><em>Restoration and War<\/em><\/strong><\/p>\n<p><strong><a href=\"https:\/\/www.iconografiacittaeuropea.unina.it\/cms\/wp-content\/uploads\/2023\/06\/E_E1-preprint_sito.pdf\">E1: Difese\/offese belliche. Restauri, ricostruzioni, trasformazioni delle strutture difensive e dei loro contesti paesaggistici <\/a><\/strong><\/p>\n<p><em><strong><a href=\"https:\/\/www.iconografiacittaeuropea.unina.it\/cms\/wp-content\/uploads\/2023\/06\/E_E1-preprint_sito.pdf\">War defenses\/offenses. Restorations, reconstructions, transformations of defensive structures and their landscape<\/a><\/strong><\/em><\/p>\n<p>Bianca Gioia Marino, Marco Pretelli, Andrea Ugolini<\/p>\n<p><strong><a href=\"https:\/\/www.iconografiacittaeuropea.unina.it\/cms\/wp-content\/uploads\/2023\/06\/E2_preprint_SITO.pdf\">E2: Il senso dei Luoghi, non Luoghi, nel secondo dopoguerra. Il caso Germania e l\u2019attualit\u00e0 <\/a><\/strong><\/p>\n<p><em><strong><a href=\"https:\/\/www.iconografiacittaeuropea.unina.it\/cms\/wp-content\/uploads\/2023\/06\/E2_preprint_SITO.pdf\">The significance of Places, not-Places, in the post World War II recovery. The case of Germany and the actuality<\/a><\/strong><\/em><\/p>\n<p>Roberta Fonti, Raffaele Amore<\/p>\n<p><strong><a href=\"https:\/\/www.iconografiacittaeuropea.unina.it\/cms\/wp-content\/uploads\/2023\/06\/E3-preprint.pdf\">E3: L\u2019alba della ricostruzione nelle citt\u00e0 storiche italiane: piani e tessuti urbani tra distruzioni, trasformazioni e istanze di tutela, 1944-1954 <\/a><\/strong><\/p>\n<p><em><strong><a href=\"https:\/\/www.iconografiacittaeuropea.unina.it\/cms\/wp-content\/uploads\/2023\/06\/E3-preprint.pdf\">The dawn of reconstruction in Italian historic cities: urban plans and fabric between destruction, transformation and protection instances, 1944-1954<\/a><\/strong><\/em><\/p>\n<p>Andrea Pane, Carlotta Coccoli<\/p>\n<p><strong><a href=\"https:\/\/www.iconografiacittaeuropea.unina.it\/cms\/wp-content\/uploads\/2023\/06\/E4-preprint_SITO.pdf\">E.4: Ruderi di guerra, archeologie e vuoti urbani nella citt\u00e0 stratificata <\/a><\/strong><\/p>\n<p><em><strong><a href=\"https:\/\/www.iconografiacittaeuropea.unina.it\/cms\/wp-content\/uploads\/2023\/06\/E4-preprint_SITO.pdf\">War ruins, archaeological remains and urban gaps in stratified cities<\/a><\/strong><\/em><\/p>\n<p>Stefania Pollone, Lia Romano<\/p>\n<p><strong><a href=\"https:\/\/www.iconografiacittaeuropea.unina.it\/cms\/wp-content\/uploads\/2023\/06\/E5-preprint_SITO.pdf\">Sessione E.5: Ruderi in guerra. Protezione, danni e restauri dei siti archeologici <\/a><\/strong><\/p>\n<p><em><strong><a href=\"https:\/\/www.iconografiacittaeuropea.unina.it\/cms\/wp-content\/uploads\/2023\/06\/E5-preprint_SITO.pdf\">Ruins in war. Protection, damage and conservation of archaeological sites<\/a><\/strong><\/em><\/p>\n<p>Zaira Barone, Luigi Veronese<\/p>\n<p><strong><a href=\"https:\/\/www.iconografiacittaeuropea.unina.it\/cms\/wp-content\/uploads\/2023\/06\/E_6_preprint_sito.pdf\">Sessione E.6: Bombe su Palermo: i sistemi difensivi, le enunciazioni concettuali e la pratica del restauro dei monumenti nel secondo dopoguerra in Sicilia <\/a><\/strong><\/p>\n<p><em><strong><a href=\"https:\/\/www.iconografiacittaeuropea.unina.it\/cms\/wp-content\/uploads\/2023\/06\/E_6_preprint_sito.pdf\">Bombs on Palermo: the defensive systems, the theoretical statements and the practice of the restoration of monuments after the World War II in Sicily<\/a><\/strong><\/em><\/p>\n<p>Gaspare Massimo Ventimiglia, Raffaele Amore<\/p>\n<p>&nbsp;<\/p>\n<p>&nbsp;<\/p>\n","protected":false},"excerpt":{"rendered":"<p>CITT\u00c0 E GUERRA Difese, distruzioni, permanenze delle memorie e dell\u2019immagine urbana Tomo I &#8211; Fonti e testimonianze &nbsp; MACROSESSIONE A Bianca Ferrara, Federico Rausa Archeologia e guerra: contesti, cultura materiale, iconografia, testimonianze letterarie Archaeology and war: contexts, material culture, iconography, literary evidence A.1: L\u2019archeologia della guerra nel mondo antico: analisi, ricostruzioni, interpretazioni The archeology of [&hellip;]<\/p>\n","protected":false},"author":2,"featured_media":0,"parent":0,"menu_order":0,"comment_status":"closed","ping_status":"closed","template":"","meta":[],"_links":{"self":[{"href":"https:\/\/www.iconografiacittaeuropea.unina.it\/cms\/wp-json\/wp\/v2\/pages\/6381"}],"collection":[{"href":"https:\/\/www.iconografiacittaeuropea.unina.it\/cms\/wp-json\/wp\/v2\/pages"}],"about":[{"href":"https:\/\/www.iconografiacittaeuropea.unina.it\/cms\/wp-json\/wp\/v2\/types\/page"}],"author":[{"embeddable":true,"href":"https:\/\/www.iconografiacittaeuropea.unina.it\/cms\/wp-json\/wp\/v2\/users\/2"}],"replies":[{"embeddable":true,"href":"https:\/\/www.iconografiacittaeuropea.unina.it\/cms\/wp-json\/wp\/v2\/comments?post=6381"}],"version-history":[{"count":39,"href":"https:\/\/www.iconografiacittaeuropea.unina.it\/cms\/wp-json\/wp\/v2\/pages\/6381\/revisions"}],"predecessor-version":[{"id":6479,"href":"https:\/\/www.iconografiacittaeuropea.unina.it\/cms\/wp-json\/wp\/v2\/pages\/6381\/revisions\/6479"}],"wp:attachment":[{"href":"https:\/\/www.iconografiacittaeuropea.unina.it\/cms\/wp-json\/wp\/v2\/media?parent=6381"}],"curies":[{"name":"wp","href":"https:\/\/api.w.org\/{rel}","templated":true}]}}